{"id":15949,"date":"2019-11-11T01:50:45","date_gmt":"2019-11-11T06:50:45","guid":{"rendered":"https:\/\/www.psfamilynyc.org\/emilie-gay\/"},"modified":"2025-04-15T12:41:40","modified_gmt":"2025-04-15T16:41:40","slug":"emilie-gay","status":"publish","type":"page","link":"https:\/\/www.psfamilynyc.org\/es\/acerca-de\/conoce-al-equipo\/emilie-gay\/","title":{"rendered":"Conozca al Fundador"},"content":{"rendered":"\t\t<div data-elementor-type=\"wp-page\" data-elementor-id=\"15949\" class=\"elementor elementor-15949 elementor-362\" data-elementor-post-type=\"page\">\n\t\t\t\t<div class=\"elementor-element elementor-element-4c4ef4b e-flex e-con-boxed e-con e-parent\" data-id=\"4c4ef4b\" data-element_type=\"container\" data-e-type=\"container\">\n\t\t\t\t\t<div class=\"e-con-inner\">\n\t\t<div class=\"elementor-element elementor-element-7b4b295 e-con-full e-flex e-con e-child\" data-id=\"7b4b295\" data-element_type=\"container\" data-e-type=\"container\">\n\t\t\t\t<\/div>\n\t\t\t\t\t<\/div>\n\t\t\t\t<\/div>\n\t\t<div class=\"elementor-element elementor-element-4296659 e-con-full e-flex e-con e-parent\" data-id=\"4296659\" data-element_type=\"container\" data-e-type=\"container\" data-settings=\"{&quot;background_background&quot;:&quot;classic&quot;}\">\n\t\t<div class=\"elementor-element elementor-element-7f69a284 e-con-full e-flex e-con e-child\" data-id=\"7f69a284\" data-element_type=\"container\" data-e-type=\"container\">\n\t\t\t\t<\/div>\n\t\t<div class=\"elementor-element elementor-element-3e35e3da e-con-full e-flex e-con e-child\" data-id=\"3e35e3da\" data-element_type=\"container\" data-e-type=\"container\">\n\t\t\t\t<\/div>\n\t\t\t\t<\/div>\n\t\t<div class=\"elementor-element elementor-element-5e6e34ee e-con-full e-flex e-con e-parent\" data-id=\"5e6e34ee\" data-element_type=\"container\" data-e-type=\"container\" data-settings=\"{&quot;background_background&quot;:&quot;classic&quot;}\">\n\t\t<div class=\"elementor-element elementor-element-36a9b33a e-con-full e-flex e-con e-child\" data-id=\"36a9b33a\" data-element_type=\"container\" data-e-type=\"container\">\n\t\t\t\t<div class=\"elementor-element elementor-element-5cf5abab elementor-grid-1 elementor-grid-mobile-0 e-grid-align-mobile-center elementor-widget__width-inherit elementor-shape-rounded e-grid-align-center elementor-widget elementor-widget-social-icons\" data-id=\"5cf5abab\" data-element_type=\"widget\" data-e-type=\"widget\" data-widget_type=\"social-icons.default\">\n\t\t\t\t<div class=\"elementor-widget-container\">\n\t\t\t\t\t\t\t<div class=\"elementor-social-icons-wrapper elementor-grid\" role=\"list\">\n\t\t\t\t\t\t\t<span class=\"elementor-grid-item\" role=\"listitem\">\n\t\t\t\t\t<a class=\"elementor-icon elementor-social-icon elementor-social-icon-twitter elementor-animation-grow elementor-repeater-item-1d13eb3\" href=\"#\" target=\"_blank\">\n\t\t\t\t\t\t<span class=\"elementor-screen-only\">Twitter<\/span>\n\t\t\t\t\t\t<i aria-hidden=\"true\" class=\"fab fa-twitter\"><\/i>\t\t\t\t\t<\/a>\n\t\t\t\t<\/span>\n\t\t\t\t\t\t\t<span class=\"elementor-grid-item\" role=\"listitem\">\n\t\t\t\t\t<a class=\"elementor-icon elementor-social-icon elementor-social-icon-linkedin elementor-animation-grow elementor-repeater-item-70be93e\" href=\"#\" target=\"_blank\">\n\t\t\t\t\t\t<span class=\"elementor-screen-only\">Linkedin<\/span>\n\t\t\t\t\t\t<i aria-hidden=\"true\" class=\"fab fa-linkedin\"><\/i>\t\t\t\t\t<\/a>\n\t\t\t\t<\/span>\n\t\t\t\t\t\t\t<span class=\"elementor-grid-item\" role=\"listitem\">\n\t\t\t\t\t<a class=\"elementor-icon elementor-social-icon elementor-social-icon-medium elementor-animation-grow elementor-repeater-item-613e921\" href=\"#\" target=\"_blank\">\n\t\t\t\t\t\t<span class=\"elementor-screen-only\">Medium<\/span>\n\t\t\t\t\t\t<i aria-hidden=\"true\" class=\"fab fa-medium\"><\/i>\t\t\t\t\t<\/a>\n\t\t\t\t<\/span>\n\t\t\t\t\t<\/div>\n\t\t\t\t\t\t<\/div>\n\t\t\t\t<\/div>\n\t\t\t\t<\/div>\n\t\t<div class=\"elementor-element elementor-element-48d282f1 e-con-full e-flex e-con e-child\" data-id=\"48d282f1\" data-element_type=\"container\" data-e-type=\"container\">\n\t\t<div class=\"elementor-element elementor-element-1db3f2d4 e-flex e-con-boxed e-con e-child\" data-id=\"1db3f2d4\" data-element_type=\"container\" data-e-type=\"container\">\n\t\t\t\t\t<div class=\"e-con-inner\">\n\t\t\t\t<div class=\"elementor-element elementor-element-6fdd24e4 elementor-widget elementor-widget-heading\" data-id=\"6fdd24e4\" data-element_type=\"widget\" data-e-type=\"widget\" data-widget_type=\"heading.default\">\n\t\t\t\t<div class=\"elementor-widget-container\">\n\t\t\t\t\t<h2 class=\"elementor-heading-title elementor-size-default\">Pioneros en la primera infancia <br>Defensor en la ciudad de Nueva York<\/h2>\t\t\t\t<\/div>\n\t\t\t\t<\/div>\n\t\t\t\t<div class=\"elementor-element elementor-element-8c43c0a elementor-widget elementor-widget-ct_text_editor\" data-id=\"8c43c0a\" data-element_type=\"widget\" data-e-type=\"widget\" data-widget_type=\"ct_text_editor.default\">\n\t\t\t\t<div class=\"elementor-widget-container\">\n\t\t\t\t\t<div id=\"ct_text_editor-8c43c0a\" class=\"ct-text-editor \" data-wow-delay=\"ms\">\n\t<div class=\"ct-item--inner\">\n\t\t<div class=\"ct-inline-css\"  data-css=\"\n\t        \t\t\t\">\n\n\t    <\/div>\n\t\t<div class=\"ct-text-editor elementor-clearfix\">\n\t\t\t<p>Emilie Gay, una autoridad l\u00edder en pol\u00edticas y pr\u00e1cticas de la primera infancia dentro del vibrante paisaje de la ciudad de Nueva York, ocupa el estimado puesto de Directora Ejecutiva de Program Support. Su organizaci\u00f3n se dedica a equipar a los programas de primera infancia con las herramientas para conseguir contratos, subvenciones y lograr est\u00e1ndares de calidad inflexibles.<\/p><p>Como especialista en mejora de la calidad, Emilie ha guiado hacia el \u00e9xito numerosos programas para la primera infancia, lo que les ha permitido conseguir contratos con el Departamento de Educaci\u00f3n. Su extensa carrera en el cuidado de la primera infancia abarca m\u00e1s de tres d\u00e9cadas y abarca diversos roles como maestra, directora de educaci\u00f3n, consultora curricular, capacitadora, evaluadora y entrenadora.<\/p><p>En 2012, Emilie fue honrada como NAEYC Legacy Fellow, lo que le brind\u00f3 un a\u00f1o para investigar en profundidad la mejora del programa a trav\u00e9s del desarrollo del personal bajo la tutor\u00eda de Paula Jorde Bloom. Su compromiso con la causa de la educaci\u00f3n qued\u00f3 a\u00fan m\u00e1s subrayado en 2015 cuando recibi\u00f3 el Premio de Educaci\u00f3n de Williamsbridge NAACP, en reconocimiento y gratitud por su dedicado servicio a los ni\u00f1os.<\/p><p>Emilie es entrenadora y entrenadora acreditada del Estado de Nueva York y se especializa en el conjunto b\u00e1sico de conocimientos y las pautas de aprendizaje temprano. Posee una rica formaci\u00f3n acad\u00e9mica, ya que obtuvo su maestr\u00eda, su licencia de maestra y sus credenciales de maestra Montessori de la Universidad Chaminade en Honolulu, Hawaii.<\/p><p>Emilie, perpetua defensora del aprendizaje permanente, est\u00e1 actualmente inscrita en el programa de Educaci\u00f3n Urbana del CUNY Graduate Center, lo que ilustra su compromiso inquebrantable con el avance continuo de la educaci\u00f3n.<\/p>\t\t\n\t\t<\/div>\n\t<\/div>\n<\/div>\t\t\t\t<\/div>\n\t\t\t\t<\/div>\n\t\t\t\t<div class=\"elementor-element elementor-element-91738da elementor-widget elementor-widget-ct_heading\" data-id=\"91738da\" data-element_type=\"widget\" data-e-type=\"widget\" data-widget_type=\"ct_heading.default\">\n\t\t\t\t<div class=\"elementor-widget-container\">\n\t\t\t\t\t<div id=\"ct_heading-91738da\" class=\"ct-heading h-align- sub-style12 ct-heading-left item-st-default\">\r\n\t<div class=\"ct-item--inner\">\r\n        <div class=\"ct-inline-css\"  data-css=\"\r\n            \">\r\n        <\/div>\r\n                <h3 class=\"item--title st-default case-animate-time\" data-wow-delay=\"ms\">\r\n                        <span class=\"sp-main\">\r\n                \r\n                Emilie Gay\r\n                \r\n                            <\/span>\r\n                    <\/h3>\r\n    <\/div>\r\n<\/div>\t\t\t\t<\/div>\n\t\t\t\t<\/div>\n\t\t\t\t<div class=\"elementor-element elementor-element-2ab8e79 elementor-widget elementor-widget-ct_heading\" data-id=\"2ab8e79\" data-element_type=\"widget\" data-e-type=\"widget\" data-widget_type=\"ct_heading.default\">\n\t\t\t\t<div class=\"elementor-widget-container\">\n\t\t\t\t\t<div id=\"ct_heading-2ab8e79\" class=\"ct-heading h-align- sub-style12 ct-heading-left item-st-default\">\r\n\t<div class=\"ct-item--inner\">\r\n        <div class=\"ct-inline-css\"  data-css=\"\r\n            \">\r\n        <\/div>\r\n            \t\t<div class=\"item--sub-title style12 -line\">\r\n                                                Early Childcare Specialist                                                            <\/div>\r\n    \t        <h3 class=\"item--title st-default case-animate-time\" data-wow-delay=\"ms\">\r\n                        <span class=\"sp-main\">\r\n                \r\n                \r\n                \r\n                            <\/span>\r\n                    <\/h3>\r\n    <\/div>\r\n<\/div>\t\t\t\t<\/div>\n\t\t\t\t<\/div>\n\t\t\t\t\t<\/div>\n\t\t\t\t<\/div>\n\t\t\t\t<\/div>\n\t\t<div class=\"elementor-element elementor-element-783d14a2 e-con-full e-flex e-con e-child\" data-id=\"783d14a2\" data-element_type=\"container\" data-e-type=\"container\" data-settings=\"{&quot;background_background&quot;:&quot;classic&quot;}\">\n\t\t\t\t<\/div>\n\t\t\t\t<\/div>\n\t\t<div class=\"elementor-element elementor-element-56da5af4 e-con-full e-flex e-con e-parent\" data-id=\"56da5af4\" data-element_type=\"container\" data-e-type=\"container\" data-settings=\"{&quot;background_background&quot;:&quot;classic&quot;}\">\n\t\t<div class=\"elementor-element elementor-element-2ae6446c e-con-full e-flex e-con e-child\" data-id=\"2ae6446c\" data-element_type=\"container\" data-e-type=\"container\">\n\t\t\t\t<\/div>\n\t\t<div class=\"elementor-element elementor-element-1da376ab e-con-full e-flex e-con e-child\" data-id=\"1da376ab\" data-element_type=\"container\" data-e-type=\"container\">\n\t\t\t\t<\/div>\n\t\t\t\t<\/div>\n\t\t\t\t<\/div>\n\t\t","protected":false},"excerpt":{"rendered":"<p>Emilie Gay, una figura eminente en el \u00e1mbito de las pol\u00edticas y pr\u00e1cticas de la primera infancia en el din\u00e1mico panorama de la ciudad de Nueva York, se enorgullece de ser Directora Ejecutiva de Program Support. Su misi\u00f3n es dotar a los programas de primera infancia de los recursos necesarios para conseguir contratos, subvenciones y mantener est\u00e1ndares inquebrantables de calidad.<\/p>\n<p>Como especialista dedicada en mejora de la calidad, Emilie ha dirigido hacia el \u00e9xito numerosos programas para la primera infancia, lo que les ha permitido conseguir codiciados contratos con el Departamento de Educaci\u00f3n. Su ilustre carrera en el cuidado infantil abarca m\u00e1s de tres d\u00e9cadas, donde ha desempe\u00f1ado roles multifac\u00e9ticos, incluido el de maestra, directora de educaci\u00f3n, consultora curricular, formadora, evaluadora y entrenadora.<\/p>\n<p>En 2012, Emilie recibi\u00f3 el prestigioso t\u00edtulo de NAEYC Legacy Fellow, lo que le otorg\u00f3 un a\u00f1o transformador para profundizar en la mejora del programa a trav\u00e9s del desarrollo del personal, bajo la direcci\u00f3n de la estimada Paula Jorde Bloom. El compromiso inquebrantable de Emilie con la educaci\u00f3n fue reconocido a\u00fan m\u00e1s en 2015 cuando fue honrada con el Premio de Educaci\u00f3n de Williamsbridge NAACP, un testimonio de su destacado servicio a los ni\u00f1os.<\/p>\n<p>Emilie es entrenadora y entrenadora certificada por el Estado de Nueva York y se especializa en el conjunto b\u00e1sico de conocimientos y las pautas de aprendizaje temprano. Su trayectoria acad\u00e9mica est\u00e1 marcada por logros notables, incluida la obtenci\u00f3n de una maestr\u00eda, una licencia de maestra y credenciales de maestra Montessori de la Universidad Chaminade en Honolulu, Hawaii.<\/p>\n<p>Emilie, una incansable defensora del aprendizaje permanente, est\u00e1 actualmente inscrita en el programa de Educaci\u00f3n Urbana del CUNY Graduate Center, lo que subraya su incansable dedicaci\u00f3n al avance continuo de la educaci\u00f3n.<\/p>\n","protected":false},"author":1,"featured_media":8904,"parent":8914,"menu_order":0,"comment_status":"closed","ping_status":"closed","template":"","meta":{"footnotes":""},"class_list":["post-15949","page","type-page","status-publish","has-post-thumbnail","hentry"],"yoast_head":"<!-- This site is optimized with the Yoast SEO plugin v27.5 - https:\/\/yoast.com\/product\/yoast-seo-wordpress\/ -->\n<title>Conozca al Fundador | PS FamilyNYC<\/title>\n<meta name=\"description\" content=\"Descubra la distinguida carrera de Emilie Gay en pol\u00edticas y pr\u00e1ctica de la primera infancia como Directora Ejecutiva de Program Support en la ciudad de Nueva York. Explore su experiencia en la obtenci\u00f3n de contratos, subvenciones y el mantenimiento de est\u00e1ndares de alta calidad en programas para la primera infancia. Conozca su trayectoria desde especialista en mejora de la calidad hasta educadora respetada y defensora del aprendizaje permanente.\" \/>\n<meta name=\"robots\" content=\"index, follow, max-snippet:-1, max-image-preview:large, max-video-preview:-1\" \/>\n<link rel=\"canonical\" href=\"https:\/\/www.psfamilynyc.org\/es\/acerca-de\/conoce-al-equipo\/emilie-gay\/\" \/>\n<meta property=\"og:locale\" content=\"es_ES\" \/>\n<meta property=\"og:type\" content=\"article\" \/>\n<meta property=\"og:title\" content=\"Conozca al Fundador | PS FamilyNYC\" \/>\n<meta property=\"og:description\" content=\"Descubra la distinguida carrera de Emilie Gay en pol\u00edticas y pr\u00e1ctica de la primera infancia como Directora Ejecutiva de Program Support en la ciudad de Nueva York. Explore su experiencia en la obtenci\u00f3n de contratos, subvenciones y el mantenimiento de est\u00e1ndares de alta calidad en programas para la primera infancia. Conozca su trayectoria desde especialista en mejora de la calidad hasta educadora respetada y defensora del aprendizaje permanente.\" \/>\n<meta property=\"og:url\" content=\"https:\/\/www.psfamilynyc.org\/es\/acerca-de\/conoce-al-equipo\/emilie-gay\/\" \/>\n<meta property=\"og:site_name\" content=\"PS FamilyNYC\" \/>\n<meta property=\"article:publisher\" content=\"https:\/\/www.facebook.com\/PSfamilyNYC\" \/>\n<meta property=\"article:modified_time\" content=\"2025-04-15T16:41:40+00:00\" \/>\n<meta property=\"og:image\" content=\"https:\/\/www.psfamilynyc.org\/wp-content\/uploads\/2023\/06\/Emilie_Gay.jpg\" \/>\n\t<meta property=\"og:image:width\" content=\"510\" \/>\n\t<meta property=\"og:image:height\" content=\"730\" \/>\n\t<meta property=\"og:image:type\" content=\"image\/jpeg\" \/>\n<meta name=\"twitter:card\" content=\"summary_large_image\" \/>\n<meta name=\"twitter:site\" content=\"@PSfamilyNYC\" \/>\n<meta name=\"twitter:label1\" content=\"Tiempo de lectura\" \/>\n\t<meta name=\"twitter:data1\" content=\"2 minutos\" \/>\n<script type=\"application\/ld+json\" class=\"yoast-schema-graph\">{\"@context\":\"https:\\\/\\\/schema.org\",\"@graph\":[{\"@type\":\"WebPage\",\"@id\":\"https:\\\/\\\/www.psfamilynyc.org\\\/es\\\/acerca-de\\\/conoce-al-equipo\\\/emilie-gay\\\/\",\"url\":\"https:\\\/\\\/www.psfamilynyc.org\\\/es\\\/acerca-de\\\/conoce-al-equipo\\\/emilie-gay\\\/\",\"name\":\"Conozca al Fundador | PS FamilyNYC\",\"isPartOf\":{\"@id\":\"https:\\\/\\\/www.psfamilynyc.org\\\/es\\\/#website\"},\"primaryImageOfPage\":{\"@id\":\"https:\\\/\\\/www.psfamilynyc.org\\\/es\\\/acerca-de\\\/conoce-al-equipo\\\/emilie-gay\\\/#primaryimage\"},\"image\":{\"@id\":\"https:\\\/\\\/www.psfamilynyc.org\\\/es\\\/acerca-de\\\/conoce-al-equipo\\\/emilie-gay\\\/#primaryimage\"},\"thumbnailUrl\":\"https:\\\/\\\/www.psfamilynyc.org\\\/wp-content\\\/uploads\\\/2023\\\/06\\\/Emilie_Gay.jpg\",\"datePublished\":\"2019-11-11T06:50:45+00:00\",\"dateModified\":\"2025-04-15T16:41:40+00:00\",\"description\":\"Descubra la distinguida carrera de Emilie Gay en pol\u00edticas y pr\u00e1ctica de la primera infancia como Directora Ejecutiva de Program Support en la ciudad de Nueva York. Explore su experiencia en la obtenci\u00f3n de contratos, subvenciones y el mantenimiento de est\u00e1ndares de alta calidad en programas para la primera infancia. Conozca su trayectoria desde especialista en mejora de la calidad hasta educadora respetada y defensora del aprendizaje permanente.\",\"breadcrumb\":{\"@id\":\"https:\\\/\\\/www.psfamilynyc.org\\\/es\\\/acerca-de\\\/conoce-al-equipo\\\/emilie-gay\\\/#breadcrumb\"},\"inLanguage\":\"es\",\"potentialAction\":[{\"@type\":\"ReadAction\",\"target\":[\"https:\\\/\\\/www.psfamilynyc.org\\\/es\\\/acerca-de\\\/conoce-al-equipo\\\/emilie-gay\\\/\"]}]},{\"@type\":\"ImageObject\",\"inLanguage\":\"es\",\"@id\":\"https:\\\/\\\/www.psfamilynyc.org\\\/es\\\/acerca-de\\\/conoce-al-equipo\\\/emilie-gay\\\/#primaryimage\",\"url\":\"https:\\\/\\\/www.psfamilynyc.org\\\/wp-content\\\/uploads\\\/2023\\\/06\\\/Emilie_Gay.jpg\",\"contentUrl\":\"https:\\\/\\\/www.psfamilynyc.org\\\/wp-content\\\/uploads\\\/2023\\\/06\\\/Emilie_Gay.jpg\",\"width\":510,\"height\":730},{\"@type\":\"BreadcrumbList\",\"@id\":\"https:\\\/\\\/www.psfamilynyc.org\\\/es\\\/acerca-de\\\/conoce-al-equipo\\\/emilie-gay\\\/#breadcrumb\",\"itemListElement\":[{\"@type\":\"ListItem\",\"position\":1,\"name\":\"Home\",\"item\":\"https:\\\/\\\/www.psfamilynyc.org\\\/es\\\/inicio\\\/\"},{\"@type\":\"ListItem\",\"position\":2,\"name\":\"Sobre nosotros\",\"item\":\"https:\\\/\\\/www.psfamilynyc.org\\\/es\\\/acerca-de\\\/?lang=es\"},{\"@type\":\"ListItem\",\"position\":3,\"name\":\"Conoce al equipo\",\"item\":\"https:\\\/\\\/www.psfamilynyc.org\\\/es\\\/about-psfamilynyc\\\/ps-familynyc-team\\\/\"},{\"@type\":\"ListItem\",\"position\":4,\"name\":\"Conozca al Fundador\"}]},{\"@type\":\"WebSite\",\"@id\":\"https:\\\/\\\/www.psfamilynyc.org\\\/es\\\/#website\",\"url\":\"https:\\\/\\\/www.psfamilynyc.org\\\/es\\\/\",\"name\":\"PS FamilyNYC\",\"description\":\"Una red de atenci\u00f3n infantil familiar dedicada a facilitar el acceso a la atenci\u00f3n infantil a domicilio.\",\"publisher\":{\"@id\":\"https:\\\/\\\/www.psfamilynyc.org\\\/es\\\/#organization\"},\"alternateName\":\"Program Support FCCN\",\"potentialAction\":[{\"@type\":\"SearchAction\",\"target\":{\"@type\":\"EntryPoint\",\"urlTemplate\":\"https:\\\/\\\/www.psfamilynyc.org\\\/es\\\/?s={search_term_string}\"},\"query-input\":{\"@type\":\"PropertyValueSpecification\",\"valueRequired\":true,\"valueName\":\"search_term_string\"}}],\"inLanguage\":\"es\"},{\"@type\":\"Organization\",\"@id\":\"https:\\\/\\\/www.psfamilynyc.org\\\/es\\\/#organization\",\"name\":\"Program Support FCCN\",\"alternateName\":\"PS Family NYC\",\"url\":\"https:\\\/\\\/www.psfamilynyc.org\\\/es\\\/\",\"logo\":{\"@type\":\"ImageObject\",\"inLanguage\":\"es\",\"@id\":\"https:\\\/\\\/www.psfamilynyc.org\\\/es\\\/#\\\/schema\\\/logo\\\/image\\\/\",\"url\":\"https:\\\/\\\/www.psfamilynyc.org\\\/wp-content\\\/uploads\\\/2023\\\/01\\\/cropped-ps_family_web_logos-03.png\",\"contentUrl\":\"https:\\\/\\\/www.psfamilynyc.org\\\/wp-content\\\/uploads\\\/2023\\\/01\\\/cropped-ps_family_web_logos-03.png\",\"width\":512,\"height\":512,\"caption\":\"Program Support FCCN\"},\"image\":{\"@id\":\"https:\\\/\\\/www.psfamilynyc.org\\\/es\\\/#\\\/schema\\\/logo\\\/image\\\/\"},\"sameAs\":[\"https:\\\/\\\/www.facebook.com\\\/PSfamilyNYC\",\"https:\\\/\\\/x.com\\\/PSfamilyNYC\"]}]}<\/script>\n<!-- \/ Yoast SEO plugin. -->","yoast_head_json":{"title":"Conozca al Fundador | PS FamilyNYC","description":"Descubra la distinguida carrera de Emilie Gay en pol\u00edticas y pr\u00e1ctica de la primera infancia como Directora Ejecutiva de Program Support en la ciudad de Nueva York. Explore su experiencia en la obtenci\u00f3n de contratos, subvenciones y el mantenimiento de est\u00e1ndares de alta calidad en programas para la primera infancia. Conozca su trayectoria desde especialista en mejora de la calidad hasta educadora respetada y defensora del aprendizaje permanente.","robots":{"index":"index","follow":"follow","max-snippet":"max-snippet:-1","max-image-preview":"max-image-preview:large","max-video-preview":"max-video-preview:-1"},"canonical":"https:\/\/www.psfamilynyc.org\/es\/acerca-de\/conoce-al-equipo\/emilie-gay\/","og_locale":"es_ES","og_type":"article","og_title":"Conozca al Fundador | PS FamilyNYC","og_description":"Descubra la distinguida carrera de Emilie Gay en pol\u00edticas y pr\u00e1ctica de la primera infancia como Directora Ejecutiva de Program Support en la ciudad de Nueva York. Explore su experiencia en la obtenci\u00f3n de contratos, subvenciones y el mantenimiento de est\u00e1ndares de alta calidad en programas para la primera infancia. Conozca su trayectoria desde especialista en mejora de la calidad hasta educadora respetada y defensora del aprendizaje permanente.","og_url":"https:\/\/www.psfamilynyc.org\/es\/acerca-de\/conoce-al-equipo\/emilie-gay\/","og_site_name":"PS FamilyNYC","article_publisher":"https:\/\/www.facebook.com\/PSfamilyNYC","article_modified_time":"2025-04-15T16:41:40+00:00","og_image":[{"width":510,"height":730,"url":"https:\/\/www.psfamilynyc.org\/wp-content\/uploads\/2023\/06\/Emilie_Gay.jpg","type":"image\/jpeg"}],"twitter_card":"summary_large_image","twitter_site":"@PSfamilyNYC","twitter_misc":{"Tiempo de lectura":"2 minutos"},"schema":{"@context":"https:\/\/schema.org","@graph":[{"@type":"WebPage","@id":"https:\/\/www.psfamilynyc.org\/es\/acerca-de\/conoce-al-equipo\/emilie-gay\/","url":"https:\/\/www.psfamilynyc.org\/es\/acerca-de\/conoce-al-equipo\/emilie-gay\/","name":"Conozca al Fundador | PS FamilyNYC","isPartOf":{"@id":"https:\/\/www.psfamilynyc.org\/es\/#website"},"primaryImageOfPage":{"@id":"https:\/\/www.psfamilynyc.org\/es\/acerca-de\/conoce-al-equipo\/emilie-gay\/#primaryimage"},"image":{"@id":"https:\/\/www.psfamilynyc.org\/es\/acerca-de\/conoce-al-equipo\/emilie-gay\/#primaryimage"},"thumbnailUrl":"https:\/\/www.psfamilynyc.org\/wp-content\/uploads\/2023\/06\/Emilie_Gay.jpg","datePublished":"2019-11-11T06:50:45+00:00","dateModified":"2025-04-15T16:41:40+00:00","description":"Descubra la distinguida carrera de Emilie Gay en pol\u00edticas y pr\u00e1ctica de la primera infancia como Directora Ejecutiva de Program Support en la ciudad de Nueva York. Explore su experiencia en la obtenci\u00f3n de contratos, subvenciones y el mantenimiento de est\u00e1ndares de alta calidad en programas para la primera infancia. Conozca su trayectoria desde especialista en mejora de la calidad hasta educadora respetada y defensora del aprendizaje permanente.","breadcrumb":{"@id":"https:\/\/www.psfamilynyc.org\/es\/acerca-de\/conoce-al-equipo\/emilie-gay\/#breadcrumb"},"inLanguage":"es","potentialAction":[{"@type":"ReadAction","target":["https:\/\/www.psfamilynyc.org\/es\/acerca-de\/conoce-al-equipo\/emilie-gay\/"]}]},{"@type":"ImageObject","inLanguage":"es","@id":"https:\/\/www.psfamilynyc.org\/es\/acerca-de\/conoce-al-equipo\/emilie-gay\/#primaryimage","url":"https:\/\/www.psfamilynyc.org\/wp-content\/uploads\/2023\/06\/Emilie_Gay.jpg","contentUrl":"https:\/\/www.psfamilynyc.org\/wp-content\/uploads\/2023\/06\/Emilie_Gay.jpg","width":510,"height":730},{"@type":"BreadcrumbList","@id":"https:\/\/www.psfamilynyc.org\/es\/acerca-de\/conoce-al-equipo\/emilie-gay\/#breadcrumb","itemListElement":[{"@type":"ListItem","position":1,"name":"Home","item":"https:\/\/www.psfamilynyc.org\/es\/inicio\/"},{"@type":"ListItem","position":2,"name":"Sobre nosotros","item":"https:\/\/www.psfamilynyc.org\/es\/acerca-de\/?lang=es"},{"@type":"ListItem","position":3,"name":"Conoce al equipo","item":"https:\/\/www.psfamilynyc.org\/es\/about-psfamilynyc\/ps-familynyc-team\/"},{"@type":"ListItem","position":4,"name":"Conozca al Fundador"}]},{"@type":"WebSite","@id":"https:\/\/www.psfamilynyc.org\/es\/#website","url":"https:\/\/www.psfamilynyc.org\/es\/","name":"PS FamilyNYC","description":"Una red de atenci\u00f3n infantil familiar dedicada a facilitar el acceso a la atenci\u00f3n infantil a domicilio.","publisher":{"@id":"https:\/\/www.psfamilynyc.org\/es\/#organization"},"alternateName":"Program Support FCCN","potentialAction":[{"@type":"SearchAction","target":{"@type":"EntryPoint","urlTemplate":"https:\/\/www.psfamilynyc.org\/es\/?s={search_term_string}"},"query-input":{"@type":"PropertyValueSpecification","valueRequired":true,"valueName":"search_term_string"}}],"inLanguage":"es"},{"@type":"Organization","@id":"https:\/\/www.psfamilynyc.org\/es\/#organization","name":"Program Support FCCN","alternateName":"PS Family NYC","url":"https:\/\/www.psfamilynyc.org\/es\/","logo":{"@type":"ImageObject","inLanguage":"es","@id":"https:\/\/www.psfamilynyc.org\/es\/#\/schema\/logo\/image\/","url":"https:\/\/www.psfamilynyc.org\/wp-content\/uploads\/2023\/01\/cropped-ps_family_web_logos-03.png","contentUrl":"https:\/\/www.psfamilynyc.org\/wp-content\/uploads\/2023\/01\/cropped-ps_family_web_logos-03.png","width":512,"height":512,"caption":"Program Support FCCN"},"image":{"@id":"https:\/\/www.psfamilynyc.org\/es\/#\/schema\/logo\/image\/"},"sameAs":["https:\/\/www.facebook.com\/PSfamilyNYC","https:\/\/x.com\/PSfamilyNYC"]}]}},"_links":{"self":[{"href":"https:\/\/www.psfamilynyc.org\/es\/wp-json\/wp\/v2\/pages\/15949","targetHints":{"allow":["GET"]}}],"collection":[{"href":"https:\/\/www.psfamilynyc.org\/es\/wp-json\/wp\/v2\/pages"}],"about":[{"href":"https:\/\/www.psfamilynyc.org\/es\/wp-json\/wp\/v2\/types\/page"}],"author":[{"embeddable":true,"href":"https:\/\/www.psfamilynyc.org\/es\/wp-json\/wp\/v2\/users\/1"}],"replies":[{"embeddable":true,"href":"https:\/\/www.psfamilynyc.org\/es\/wp-json\/wp\/v2\/comments?post=15949"}],"version-history":[{"count":2,"href":"https:\/\/www.psfamilynyc.org\/es\/wp-json\/wp\/v2\/pages\/15949\/revisions"}],"predecessor-version":[{"id":39840,"href":"https:\/\/www.psfamilynyc.org\/es\/wp-json\/wp\/v2\/pages\/15949\/revisions\/39840"}],"up":[{"embeddable":true,"href":"https:\/\/www.psfamilynyc.org\/es\/wp-json\/wp\/v2\/pages\/8914"}],"wp:featuredmedia":[{"embeddable":true,"href":"https:\/\/www.psfamilynyc.org\/es\/wp-json\/wp\/v2\/media\/8904"}],"wp:attachment":[{"href":"https:\/\/www.psfamilynyc.org\/es\/wp-json\/wp\/v2\/media?parent=15949"}],"curies":[{"name":"wp","href":"https:\/\/api.w.org\/{rel}","templated":true}]}}