{"id":8710,"date":"2020-02-07T02:19:20","date_gmt":"2020-02-07T07:19:20","guid":{"rendered":"https:\/\/www.psfamilynyc.org\/contacto\/"},"modified":"2024-05-08T13:22:54","modified_gmt":"2024-05-08T17:22:54","slug":"contacto","status":"publish","type":"page","link":"https:\/\/www.psfamilynyc.org\/es\/contacto\/","title":{"rendered":"Contacto"},"content":{"rendered":"\t\t<div data-elementor-type=\"wp-page\" data-elementor-id=\"8710\" class=\"elementor elementor-8710 elementor-3510\" data-elementor-post-type=\"page\">\n\t\t\t\t<div class=\"elementor-element elementor-element-87a2ec7 e-flex e-con-boxed e-con e-parent\" data-id=\"87a2ec7\" data-element_type=\"container\" data-e-type=\"container\" data-settings=\"{&quot;background_background&quot;:&quot;classic&quot;}\">\n\t\t\t\t\t<div class=\"e-con-inner\">\n\t\t<div class=\"elementor-element elementor-element-72b35ad e-con-full e-flex e-con e-child\" data-id=\"72b35ad\" data-element_type=\"container\" data-e-type=\"container\">\n\t\t<div class=\"elementor-element elementor-element-70a79ce e-con-full e-flex e-con e-child\" data-id=\"70a79ce\" data-element_type=\"container\" data-e-type=\"container\">\n\t\t<div class=\"elementor-element elementor-element-d7b37d9 e-con-full e-flex e-con e-child\" data-id=\"d7b37d9\" data-element_type=\"container\" data-e-type=\"container\">\n\t\t\t\t<div class=\"elementor-element elementor-element-d8d688d elementor-widget elementor-widget-ct_heading\" data-id=\"d8d688d\" data-element_type=\"widget\" data-e-type=\"widget\" data-widget_type=\"ct_heading.default\">\n\t\t\t\t<div class=\"elementor-widget-container\">\n\t\t\t\t\t<div id=\"ct_heading-d8d688d\" class=\"ct-heading h-align- sub- ct-heading-left item-st-line-left1\">\r\n\t<div class=\"ct-item--inner\">\r\n        <div class=\"ct-inline-css\"  data-css=\"\r\n            \">\r\n        <\/div>\r\n                <h3 class=\"item--title st-line-left1 wow wow fadeInLeft\" data-wow-delay=\"ms\">\r\n                        <span class=\"sp-main\">\r\n                                    <i><\/i>\r\n                \r\n                P\u00f3ngase en contacto con nosotros para cualquier tipo de ayuda o informaci\u00f3n\r\n                \r\n                            <\/span>\r\n                    <\/h3>\r\n    <\/div>\r\n<\/div>\t\t\t\t<\/div>\n\t\t\t\t<\/div>\n\t\t\t\t<\/div>\n\t\t<div class=\"elementor-element elementor-element-3c41c93 e-con-full e-flex e-con e-child\" data-id=\"3c41c93\" data-element_type=\"container\" data-e-type=\"container\">\n\t\t\t\t<div class=\"elementor-element elementor-element-53a79c5 wow fadeInRight elementor-widget elementor-widget-text-editor\" data-id=\"53a79c5\" data-element_type=\"widget\" data-e-type=\"widget\" data-widget_type=\"text-editor.default\">\n\t\t\t\t<div class=\"elementor-widget-container\">\n\t\t\t\t\t\t\t\t\t<p>Estaremos encantados de discutir la situaci\u00f3n de su organizaci\u00f3n. P\u00f3ngase en contacto con nosotros a trav\u00e9s de los datos que figuran a continuaci\u00f3n o introduzca su solicitud.<\/p>\n\t\t\t\t\t\t\t\t<\/div>\n\t\t\t\t<\/div>\n\t\t\t\t<\/div>\n\t\t\t\t<\/div>\n\t\t<div class=\"elementor-element elementor-element-c49fe9a e-con-full e-flex e-con e-child\" data-id=\"c49fe9a\" data-element_type=\"container\" data-e-type=\"container\">\n\t\t<div class=\"elementor-element elementor-element-4eb8e18 e-con-full e-flex e-con e-child\" data-id=\"4eb8e18\" data-element_type=\"container\" data-e-type=\"container\">\n\t\t\t\t<div class=\"elementor-element elementor-element-ae12123 elementor-widget elementor-widget-ct_fancy_box\" data-id=\"ae12123\" data-element_type=\"widget\" data-e-type=\"widget\" data-widget_type=\"ct_fancy_box.default\">\n\t\t\t\t<div class=\"elementor-widget-container\">\n\t\t\t\t\t<div class=\"ct-fancy-box ct-fancy-box-layout3 style1 wow fadeInUp\" data-wow-delay=\"ms\">\r\n            <div class=\"item--icon\">\r\n            <i aria-hidden=\"true\" class=\"fas fa-map-marker-alt\"><\/i>        <\/div>\r\n            <div class=\"item--holder\">\r\n        <h3 class=\"item--title\">\r\n            Direcci\u00f3n de nuestra oficina:        <\/h3>\r\n        <div class=\"item--description\">297 Livingston Street, Brooklyn, NY 11217<\/div>\r\n    <\/div>\r\n<\/div>\t\t\t\t<\/div>\n\t\t\t\t<\/div>\n\t\t\t\t<div class=\"elementor-element elementor-element-99b6b9e elementor-widget elementor-widget-ct_fancy_box\" data-id=\"99b6b9e\" data-element_type=\"widget\" data-e-type=\"widget\" data-widget_type=\"ct_fancy_box.default\">\n\t\t\t\t<div class=\"elementor-widget-container\">\n\t\t\t\t\t<div class=\"ct-fancy-box ct-fancy-box-layout3 style1 wow fadeInUp\" data-wow-delay=\"ms\">\r\n            <div class=\"item--icon\">\r\n            <i aria-hidden=\"true\" class=\"fas fa-phone-alt\"><\/i>        <\/div>\r\n            <div class=\"item--holder\">\r\n        <h3 class=\"item--title\">\r\n            Llame para consultas sobre cuidado de ni\u00f1os:        <\/h3>\r\n        <div class=\"item--description\">(718) 701-1707<\/div>\r\n    <\/div>\r\n<\/div>\t\t\t\t<\/div>\n\t\t\t\t<\/div>\n\t\t\t\t<div class=\"elementor-element elementor-element-aba2216 elementor-widget elementor-widget-ct_fancy_box\" data-id=\"aba2216\" data-element_type=\"widget\" data-e-type=\"widget\" data-widget_type=\"ct_fancy_box.default\">\n\t\t\t\t<div class=\"elementor-widget-container\">\n\t\t\t\t\t<div class=\"ct-fancy-box ct-fancy-box-layout3 style1 wow fadeInUp\" data-wow-delay=\"ms\">\r\n            <div class=\"item--icon\">\r\n            <i aria-hidden=\"true\" class=\"fas fa-envelope\"><\/i>        <\/div>\r\n            <div class=\"item--holder\">\r\n        <h3 class=\"item--title\">\r\n            Env\u00edenos un correo electr\u00f3nico para obtener informaci\u00f3n:        <\/h3>\r\n        <div class=\"item--description\">info@psfamilynyc.org<\/div>\r\n    <\/div>\r\n<\/div>\t\t\t\t<\/div>\n\t\t\t\t<\/div>\n\t\t\t\t<\/div>\n\t\t\t\t<\/div>\n\t\t\t\t<\/div>\n\t\t\t\t\t<\/div>\n\t\t\t\t<\/div>\n\t\t\t\t<\/div>\n\t\t","protected":false},"excerpt":{"rendered":"<p>P\u00f3ngase en contacto con nosotros para cualquier tipo de ayuda o informaci\u00f3n Estaremos encantados de discutir la situaci\u00f3n de su organizaci\u00f3n. P\u00f3ngase en contacto con nosotros a trav\u00e9s de los datos que figuran a continuaci\u00f3n o introduzca su solicitud. Direcci\u00f3n de nuestra oficina: 297 Livingston Street, Brooklyn, NY 11217 Llame para consultas sobre cuidado de [&hellip;]<\/p>\n","protected":false},"author":1,"featured_media":0,"parent":0,"menu_order":0,"comment_status":"closed","ping_status":"closed","template":"","meta":{"footnotes":""},"class_list":["post-8710","page","type-page","status-publish","hentry"],"yoast_head":"<!-- This site is optimized with the Yoast SEO plugin v27.5 - https:\/\/yoast.com\/product\/yoast-seo-wordpress\/ -->\n<title>Contacto | PS FamilyNYC<\/title>\n<meta name=\"robots\" content=\"index, follow, max-snippet:-1, max-image-preview:large, max-video-preview:-1\" \/>\n<link rel=\"canonical\" href=\"https:\/\/www.psfamilynyc.org\/es\/contacto\/\" \/>\n<meta property=\"og:locale\" content=\"es_ES\" \/>\n<meta property=\"og:type\" content=\"article\" \/>\n<meta property=\"og:title\" content=\"Contacto | PS FamilyNYC\" \/>\n<meta property=\"og:description\" content=\"P\u00f3ngase en contacto con nosotros para cualquier tipo de ayuda o informaci\u00f3n Estaremos encantados de discutir la situaci\u00f3n de su organizaci\u00f3n. P\u00f3ngase en contacto con nosotros a trav\u00e9s de los datos que figuran a continuaci\u00f3n o introduzca su solicitud. Direcci\u00f3n de nuestra oficina: 297 Livingston Street, Brooklyn, NY 11217 Llame para consultas sobre cuidado de [&hellip;]\" \/>\n<meta property=\"og:url\" content=\"https:\/\/www.psfamilynyc.org\/es\/contacto\/\" \/>\n<meta property=\"og:site_name\" content=\"PS FamilyNYC\" \/>\n<meta property=\"article:publisher\" content=\"https:\/\/www.facebook.com\/PSfamilyNYC\" \/>\n<meta property=\"article:modified_time\" content=\"2024-05-08T17:22:54+00:00\" \/>\n<meta property=\"og:image\" content=\"https:\/\/www.psfamilynyc.org\/wp-content\/uploads\/2023\/01\/ps_family_web_logos-03.png\" \/>\n\t<meta property=\"og:image:width\" content=\"513\" \/>\n\t<meta property=\"og:image:height\" content=\"513\" \/>\n\t<meta property=\"og:image:type\" content=\"image\/png\" \/>\n<meta name=\"twitter:card\" content=\"summary_large_image\" \/>\n<meta name=\"twitter:site\" content=\"@PSfamilyNYC\" \/>\n<meta name=\"twitter:label1\" content=\"Tiempo de lectura\" \/>\n\t<meta name=\"twitter:data1\" content=\"1 minuto\" \/>\n<script type=\"application\/ld+json\" class=\"yoast-schema-graph\">{\"@context\":\"https:\\\/\\\/schema.org\",\"@graph\":[{\"@type\":\"WebPage\",\"@id\":\"https:\\\/\\\/www.psfamilynyc.org\\\/es\\\/contacto\\\/\",\"url\":\"https:\\\/\\\/www.psfamilynyc.org\\\/es\\\/contacto\\\/\",\"name\":\"Contacto | PS FamilyNYC\",\"isPartOf\":{\"@id\":\"https:\\\/\\\/www.psfamilynyc.org\\\/es\\\/#website\"},\"datePublished\":\"2020-02-07T07:19:20+00:00\",\"dateModified\":\"2024-05-08T17:22:54+00:00\",\"breadcrumb\":{\"@id\":\"https:\\\/\\\/www.psfamilynyc.org\\\/es\\\/contacto\\\/#breadcrumb\"},\"inLanguage\":\"es\",\"potentialAction\":[{\"@type\":\"ReadAction\",\"target\":[\"https:\\\/\\\/www.psfamilynyc.org\\\/es\\\/contacto\\\/\"]}]},{\"@type\":\"BreadcrumbList\",\"@id\":\"https:\\\/\\\/www.psfamilynyc.org\\\/es\\\/contacto\\\/#breadcrumb\",\"itemListElement\":[{\"@type\":\"ListItem\",\"position\":1,\"name\":\"Home\",\"item\":\"https:\\\/\\\/www.psfamilynyc.org\\\/es\\\/inicio\\\/\"},{\"@type\":\"ListItem\",\"position\":2,\"name\":\"Contacto\"}]},{\"@type\":\"WebSite\",\"@id\":\"https:\\\/\\\/www.psfamilynyc.org\\\/es\\\/#website\",\"url\":\"https:\\\/\\\/www.psfamilynyc.org\\\/es\\\/\",\"name\":\"PS FamilyNYC\",\"description\":\"Una red de atenci\u00f3n infantil familiar dedicada a facilitar el acceso a la atenci\u00f3n infantil a domicilio.\",\"publisher\":{\"@id\":\"https:\\\/\\\/www.psfamilynyc.org\\\/es\\\/#organization\"},\"alternateName\":\"Program Support FCCN\",\"potentialAction\":[{\"@type\":\"SearchAction\",\"target\":{\"@type\":\"EntryPoint\",\"urlTemplate\":\"https:\\\/\\\/www.psfamilynyc.org\\\/es\\\/?s={search_term_string}\"},\"query-input\":{\"@type\":\"PropertyValueSpecification\",\"valueRequired\":true,\"valueName\":\"search_term_string\"}}],\"inLanguage\":\"es\"},{\"@type\":\"Organization\",\"@id\":\"https:\\\/\\\/www.psfamilynyc.org\\\/es\\\/#organization\",\"name\":\"Program Support FCCN\",\"alternateName\":\"PS Family NYC\",\"url\":\"https:\\\/\\\/www.psfamilynyc.org\\\/es\\\/\",\"logo\":{\"@type\":\"ImageObject\",\"inLanguage\":\"es\",\"@id\":\"https:\\\/\\\/www.psfamilynyc.org\\\/es\\\/#\\\/schema\\\/logo\\\/image\\\/\",\"url\":\"https:\\\/\\\/www.psfamilynyc.org\\\/wp-content\\\/uploads\\\/2023\\\/01\\\/cropped-ps_family_web_logos-03.png\",\"contentUrl\":\"https:\\\/\\\/www.psfamilynyc.org\\\/wp-content\\\/uploads\\\/2023\\\/01\\\/cropped-ps_family_web_logos-03.png\",\"width\":512,\"height\":512,\"caption\":\"Program Support FCCN\"},\"image\":{\"@id\":\"https:\\\/\\\/www.psfamilynyc.org\\\/es\\\/#\\\/schema\\\/logo\\\/image\\\/\"},\"sameAs\":[\"https:\\\/\\\/www.facebook.com\\\/PSfamilyNYC\",\"https:\\\/\\\/x.com\\\/PSfamilyNYC\"]}]}<\/script>\n<!-- \/ Yoast SEO plugin. -->","yoast_head_json":{"title":"Contacto | PS FamilyNYC","robots":{"index":"index","follow":"follow","max-snippet":"max-snippet:-1","max-image-preview":"max-image-preview:large","max-video-preview":"max-video-preview:-1"},"canonical":"https:\/\/www.psfamilynyc.org\/es\/contacto\/","og_locale":"es_ES","og_type":"article","og_title":"Contacto | PS FamilyNYC","og_description":"P\u00f3ngase en contacto con nosotros para cualquier tipo de ayuda o informaci\u00f3n Estaremos encantados de discutir la situaci\u00f3n de su organizaci\u00f3n. P\u00f3ngase en contacto con nosotros a trav\u00e9s de los datos que figuran a continuaci\u00f3n o introduzca su solicitud. Direcci\u00f3n de nuestra oficina: 297 Livingston Street, Brooklyn, NY 11217 Llame para consultas sobre cuidado de [&hellip;]","og_url":"https:\/\/www.psfamilynyc.org\/es\/contacto\/","og_site_name":"PS FamilyNYC","article_publisher":"https:\/\/www.facebook.com\/PSfamilyNYC","article_modified_time":"2024-05-08T17:22:54+00:00","og_image":[{"width":513,"height":513,"url":"https:\/\/www.psfamilynyc.org\/wp-content\/uploads\/2023\/01\/ps_family_web_logos-03.png","type":"image\/png"}],"twitter_card":"summary_large_image","twitter_site":"@PSfamilyNYC","twitter_misc":{"Tiempo de lectura":"1 minuto"},"schema":{"@context":"https:\/\/schema.org","@graph":[{"@type":"WebPage","@id":"https:\/\/www.psfamilynyc.org\/es\/contacto\/","url":"https:\/\/www.psfamilynyc.org\/es\/contacto\/","name":"Contacto | PS FamilyNYC","isPartOf":{"@id":"https:\/\/www.psfamilynyc.org\/es\/#website"},"datePublished":"2020-02-07T07:19:20+00:00","dateModified":"2024-05-08T17:22:54+00:00","breadcrumb":{"@id":"https:\/\/www.psfamilynyc.org\/es\/contacto\/#breadcrumb"},"inLanguage":"es","potentialAction":[{"@type":"ReadAction","target":["https:\/\/www.psfamilynyc.org\/es\/contacto\/"]}]},{"@type":"BreadcrumbList","@id":"https:\/\/www.psfamilynyc.org\/es\/contacto\/#breadcrumb","itemListElement":[{"@type":"ListItem","position":1,"name":"Home","item":"https:\/\/www.psfamilynyc.org\/es\/inicio\/"},{"@type":"ListItem","position":2,"name":"Contacto"}]},{"@type":"WebSite","@id":"https:\/\/www.psfamilynyc.org\/es\/#website","url":"https:\/\/www.psfamilynyc.org\/es\/","name":"PS FamilyNYC","description":"Una red de atenci\u00f3n infantil familiar dedicada a facilitar el acceso a la atenci\u00f3n infantil a domicilio.","publisher":{"@id":"https:\/\/www.psfamilynyc.org\/es\/#organization"},"alternateName":"Program Support FCCN","potentialAction":[{"@type":"SearchAction","target":{"@type":"EntryPoint","urlTemplate":"https:\/\/www.psfamilynyc.org\/es\/?s={search_term_string}"},"query-input":{"@type":"PropertyValueSpecification","valueRequired":true,"valueName":"search_term_string"}}],"inLanguage":"es"},{"@type":"Organization","@id":"https:\/\/www.psfamilynyc.org\/es\/#organization","name":"Program Support FCCN","alternateName":"PS Family NYC","url":"https:\/\/www.psfamilynyc.org\/es\/","logo":{"@type":"ImageObject","inLanguage":"es","@id":"https:\/\/www.psfamilynyc.org\/es\/#\/schema\/logo\/image\/","url":"https:\/\/www.psfamilynyc.org\/wp-content\/uploads\/2023\/01\/cropped-ps_family_web_logos-03.png","contentUrl":"https:\/\/www.psfamilynyc.org\/wp-content\/uploads\/2023\/01\/cropped-ps_family_web_logos-03.png","width":512,"height":512,"caption":"Program Support FCCN"},"image":{"@id":"https:\/\/www.psfamilynyc.org\/es\/#\/schema\/logo\/image\/"},"sameAs":["https:\/\/www.facebook.com\/PSfamilyNYC","https:\/\/x.com\/PSfamilyNYC"]}]}},"_links":{"self":[{"href":"https:\/\/www.psfamilynyc.org\/es\/wp-json\/wp\/v2\/pages\/8710","targetHints":{"allow":["GET"]}}],"collection":[{"href":"https:\/\/www.psfamilynyc.org\/es\/wp-json\/wp\/v2\/pages"}],"about":[{"href":"https:\/\/www.psfamilynyc.org\/es\/wp-json\/wp\/v2\/types\/page"}],"author":[{"embeddable":true,"href":"https:\/\/www.psfamilynyc.org\/es\/wp-json\/wp\/v2\/users\/1"}],"replies":[{"embeddable":true,"href":"https:\/\/www.psfamilynyc.org\/es\/wp-json\/wp\/v2\/comments?post=8710"}],"version-history":[{"count":0,"href":"https:\/\/www.psfamilynyc.org\/es\/wp-json\/wp\/v2\/pages\/8710\/revisions"}],"wp:attachment":[{"href":"https:\/\/www.psfamilynyc.org\/es\/wp-json\/wp\/v2\/media?parent=8710"}],"curies":[{"name":"wp","href":"https:\/\/api.w.org\/{rel}","templated":true}]}}