{"id":8728,"date":"2020-02-07T02:19:39","date_gmt":"2020-02-07T02:19:39","guid":{"rendered":"https:\/\/www.psfamilynyc.org\/taller-de-rcp-2\/"},"modified":"2023-08-07T16:30:48","modified_gmt":"2023-08-07T16:30:48","slug":"taller-de-rcp-2","status":"publish","type":"page","link":"https:\/\/www.psfamilynyc.org\/es\/taller-de-rcp-2\/","title":{"rendered":"Taller de RCP"},"content":{"rendered":"\t\t<div data-elementor-type=\"wp-page\" data-elementor-id=\"8728\" class=\"elementor elementor-8728 elementor-3512\" data-elementor-post-type=\"page\">\n\t\t\t\t<div class=\"elementor-element elementor-element-21bf2c9 e-flex e-con-boxed e-con e-parent\" data-id=\"21bf2c9\" data-element_type=\"container\" data-e-type=\"container\" data-settings=\"{&quot;background_background&quot;:&quot;classic&quot;}\">\n\t\t\t\t\t<div class=\"e-con-inner\">\n\t\t<div class=\"elementor-element elementor-element-8e4d569 e-con-full e-flex e-con e-child\" data-id=\"8e4d569\" data-element_type=\"container\" data-e-type=\"container\">\n\t\t\t\t<div class=\"elementor-element elementor-element-f7b8795 elementor-widget elementor-widget-ct_image\" data-id=\"f7b8795\" data-element_type=\"widget\" data-e-type=\"widget\" data-widget_type=\"ct_image.default\">\n\t\t\t\t<div class=\"elementor-widget-container\">\n\t\t\t\t\t<div class=\"ct-image-single img-type-img ct-no-effect  \" data-wow-delay=\"ms\">\r\n                        <img fetchpriority=\"high\" decoding=\"async\" width=\"1545\" height=\"2000\" src=\"https:\/\/www.psfamilynyc.org\/wp-content\/uploads\/2023\/02\/PS228.5x11FreeCPRspeechbub.png\" class=\"attachment-full\" alt=\"\" \/>            <\/div>\t\t\t\t<\/div>\n\t\t\t\t<\/div>\n\t\t\t\t<\/div>\n\t\t<div class=\"elementor-element elementor-element-f1ed296 e-con-full e-flex e-con e-child\" data-id=\"f1ed296\" data-element_type=\"container\" data-e-type=\"container\">\n\t\t\t\t<div class=\"elementor-element elementor-element-276fd83 elementor-widget elementor-widget-ct_heading\" data-id=\"276fd83\" data-element_type=\"widget\" data-e-type=\"widget\" data-widget_type=\"ct_heading.default\">\n\t\t\t\t<div class=\"elementor-widget-container\">\n\t\t\t\t\t<div id=\"ct_heading-276fd83\" class=\"ct-heading h-align- sub-style1 ct-heading-left item-st-default\">\r\n\t<div class=\"ct-item--inner\">\r\n        <div class=\"ct-inline-css\"  data-css=\"\r\n            \">\r\n        <\/div>\r\n                <h2 class=\"item--title st-default case-animate-time\" data-wow-delay=\"ms\">\r\n                        <span class=\"sp-main\">\r\n                \r\n                CUIDADO DE NI\u00d1OS DE ALTA CALIDAD, BAJO COSTO O GRATUITO <Br>EN BROOKLYN Y QUEENS Clase gratuita de RCP con Safety Saints para todos los participantes de CDA.\r\n                \r\n                            <\/span>\r\n                    <\/h2>\r\n    <\/div>\r\n<\/div>\t\t\t\t<\/div>\n\t\t\t\t<\/div>\n\t\t\t\t<div class=\"elementor-element elementor-element-5f29b2b elementor-widget elementor-widget-ct_text_editor\" data-id=\"5f29b2b\" data-element_type=\"widget\" data-e-type=\"widget\" data-widget_type=\"ct_text_editor.default\">\n\t\t\t\t<div class=\"elementor-widget-container\">\n\t\t\t\t\t<div id=\"ct_text_editor-5f29b2b\" class=\"ct-text-editor \" data-wow-delay=\"ms\">\n\t<div class=\"ct-item--inner\">\n\t\t<div class=\"ct-inline-css\"  data-css=\"\n\t        \t\t\t\">\n\n\t    <\/div>\n\t\t<div class=\"ct-text-editor elementor-clearfix\">\n\t\t\t<p>En PS FamilyNYC, creemos firmemente en fomentar el crecimiento de nuestra comunidad y de nuestro personal garantizando que est\u00e9n equipados con habilidades esenciales para salvar vidas. Por ello, nos enorgullece ofrecer talleres gratuitos de formaci\u00f3n en reanimaci\u00f3n cardiopulmonar a nuestro personal y proveedores, que les permiten responder con confianza y competencia a situaciones de emergencia.<\/p><p>La formaci\u00f3n incluye conocimientos fundamentales como la reanimaci\u00f3n cardiopulmonar de adultos, ni\u00f1os y beb\u00e9s, el uso de un desfibrilador externo autom\u00e1tico (DEA) y la aplicaci\u00f3n de una bolsa-v\u00e1lvula-m\u00e1scara.<\/p><p>Para cualquier consulta relacionada con el curso GRATUITO de RCP para todos los participantes en el CDA, los proveedores de PS Family Network y su personal, rellene el siguiente formulario.<\/p>\t\t\n\t\t<\/div>\n\t<\/div>\n<\/div>\t\t\t\t<\/div>\n\t\t\t\t<\/div>\n\t\t\t\t<\/div>\n\t\t\t\t\t<\/div>\n\t\t\t\t<\/div>\n\t\t<div class=\"elementor-element elementor-element-8d3a1c7 e-con-full e-flex e-con e-parent\" data-id=\"8d3a1c7\" data-element_type=\"container\" data-e-type=\"container\">\n\t\t<div class=\"elementor-element elementor-element-f954e5d e-con-full e-flex e-con e-child\" data-id=\"f954e5d\" data-element_type=\"container\" data-e-type=\"container\" data-settings=\"{&quot;background_background&quot;:&quot;classic&quot;}\">\n\t\t\t\t<div class=\"elementor-element elementor-element-ab3d8a8 elementor-widget__width-initial elementor-widget elementor-widget-spacer\" data-id=\"ab3d8a8\" data-element_type=\"widget\" data-e-type=\"widget\" data-widget_type=\"spacer.default\">\n\t\t\t\t<div class=\"elementor-widget-container\">\n\t\t\t\t\t\t\t<div class=\"elementor-spacer\">\n\t\t\t<div class=\"elementor-spacer-inner\"><\/div>\n\t\t<\/div>\n\t\t\t\t\t\t<\/div>\n\t\t\t\t<\/div>\n\t\t\t\t<\/div>\n\t\t<div class=\"elementor-element elementor-element-139e77a e-con-full e-flex e-con e-child\" data-id=\"139e77a\" data-element_type=\"container\" data-e-type=\"container\">\n\t\t\t\t<div class=\"elementor-element elementor-element-6dbda3d elementor-widget elementor-widget-spacer\" data-id=\"6dbda3d\" data-element_type=\"widget\" data-e-type=\"widget\" data-widget_type=\"spacer.default\">\n\t\t\t\t<div class=\"elementor-widget-container\">\n\t\t\t\t\t\t\t<div class=\"elementor-spacer\">\n\t\t\t<div class=\"elementor-spacer-inner\"><\/div>\n\t\t<\/div>\n\t\t\t\t\t\t<\/div>\n\t\t\t\t<\/div>\n\t\t\t\t<div class=\"elementor-element elementor-element-ef0d877 elementor-widget elementor-widget-ct_heading\" data-id=\"ef0d877\" data-element_type=\"widget\" data-e-type=\"widget\" data-widget_type=\"ct_heading.default\">\n\t\t\t\t<div class=\"elementor-widget-container\">\n\t\t\t\t\t<div id=\"ct_heading-ef0d877\" class=\"ct-heading h-align- sub-style1 ct-heading-left item-st-default\">\r\n\t<div class=\"ct-item--inner\">\r\n        <div class=\"ct-inline-css\"  data-css=\"\r\n            \">\r\n        <\/div>\r\n            \t\t<div class=\"item--sub-title style1 show-line\">\r\n                                                Proveedores de cuidado infantil en Nueva York                                                                    <div class=\"sub-divider-image\"><\/div>\r\n                            <\/div>\r\n    \t        <h2 class=\"item--title st-default case-animate-time\" data-wow-delay=\"ms\">\r\n                        <span class=\"sp-main\">\r\n                \r\n                Requisitos de certificaci\u00f3n de RCP\r\n                \r\n                            <\/span>\r\n                    <\/h2>\r\n    <\/div>\r\n<\/div>\t\t\t\t<\/div>\n\t\t\t\t<\/div>\n\t\t\t\t<div class=\"elementor-element elementor-element-b3d6dfb elementor-widget elementor-widget-ct_text_editor\" data-id=\"b3d6dfb\" data-element_type=\"widget\" data-e-type=\"widget\" data-widget_type=\"ct_text_editor.default\">\n\t\t\t\t<div class=\"elementor-widget-container\">\n\t\t\t\t\t<div id=\"ct_text_editor-b3d6dfb\" class=\"ct-text-editor \" data-wow-delay=\"ms\">\n\t<div class=\"ct-item--inner\">\n\t\t<div class=\"ct-inline-css\"  data-css=\"\n\t        \t\t\t\">\n\n\t    <\/div>\n\t\t<div class=\"ct-text-editor elementor-clearfix\">\n\t\t\t<p>Comprendiendo los requisitos espec\u00edficos de las guarder\u00edas y los centros de d\u00eda de Nueva York, nos aseguramos de que nuestra formaci\u00f3n cumpla las normas establecidas para una certificaci\u00f3n de soporte vital b\u00e1sico (BLS\/CPR).<\/p><p>Adem\u00e1s, seg\u00fan los requisitos del empleador, tambi\u00e9n facilitamos cursos de Primeros Auxilios para aumentar a\u00fan m\u00e1s la preparaci\u00f3n y la eficacia de nuestro personal en escenarios cr\u00edticos.<\/p><p>Nuestro compromiso con la seguridad va m\u00e1s all\u00e1 del cumplimiento de los mandatos normativos. PS FamilyNYC se adhiere a la norma de que todos los programas de cuidado infantil deben tener al menos una persona del personal certificada en RCP y primeros auxilios en el lugar durante las horas de funcionamiento. Vamos un paso m\u00e1s all\u00e1 y nos aseguramos de que nuestras certificaciones sean adecuadas para las edades de los ni\u00f1os a nuestro cargo e incluyen un componente crucial de competencia en persona.<\/p><p>En PS FamilyNYC, nuestra inversi\u00f3n en formaci\u00f3n representa nuestra dedicaci\u00f3n a proporcionar el entorno m\u00e1s seguro posible a los ni\u00f1os a los que atendemos.<\/p>\t\t\n\t\t<\/div>\n\t<\/div>\n<\/div>\t\t\t\t<\/div>\n\t\t\t\t<\/div>\n\t\t\t\t<div class=\"elementor-element elementor-element-3bd7a86 elementor-widget elementor-widget-spacer\" data-id=\"3bd7a86\" data-element_type=\"widget\" data-e-type=\"widget\" data-widget_type=\"spacer.default\">\n\t\t\t\t<div class=\"elementor-widget-container\">\n\t\t\t\t\t\t\t<div class=\"elementor-spacer\">\n\t\t\t<div class=\"elementor-spacer-inner\"><\/div>\n\t\t<\/div>\n\t\t\t\t\t\t<\/div>\n\t\t\t\t<\/div>\n\t\t\t\t<\/div>\n\t\t\t\t<\/div>\n\t\t\t\t<\/div>\n\t\t","protected":false},"excerpt":{"rendered":"<p>PS Family est\u00e1 organizando una clase gratuita de RCP con Safety Saints para todos los participantes del CDA, los proveedores de PS Family Network y su personal.<\/p>\n","protected":false},"author":1,"featured_media":0,"parent":0,"menu_order":0,"comment_status":"closed","ping_status":"closed","template":"","meta":{"footnotes":""},"class_list":["post-8728","page","type-page","status-publish","hentry"],"yoast_head":"<!-- This site is optimized with the Yoast SEO plugin v27.4 - https:\/\/yoast.com\/product\/yoast-seo-wordpress\/ -->\n<title>Taller de RCP | PS FamilyNYC<\/title>\n<meta name=\"robots\" content=\"index, follow, max-snippet:-1, max-image-preview:large, max-video-preview:-1\" \/>\n<link rel=\"canonical\" href=\"https:\/\/www.psfamilynyc.org\/es\/taller-de-rcp-2\/\" \/>\n<meta property=\"og:locale\" content=\"es_ES\" \/>\n<meta property=\"og:type\" content=\"article\" \/>\n<meta property=\"og:title\" content=\"Taller de RCP | PS FamilyNYC\" \/>\n<meta property=\"og:description\" content=\"PS Family est\u00e1 organizando una clase gratuita de RCP con Safety Saints para todos los participantes del CDA, los proveedores de PS Family Network y su personal.\" \/>\n<meta property=\"og:url\" content=\"https:\/\/www.psfamilynyc.org\/es\/taller-de-rcp-2\/\" \/>\n<meta property=\"og:site_name\" content=\"PS FamilyNYC\" \/>\n<meta property=\"article:publisher\" content=\"https:\/\/www.facebook.com\/PSfamilyNYC\" \/>\n<meta property=\"article:modified_time\" content=\"2023-08-07T16:30:48+00:00\" \/>\n<meta property=\"og:image\" content=\"https:\/\/www.psfamilynyc.org\/wp-content\/uploads\/2023\/02\/PS228.5x11FreeCPRspeechbub.png\" \/>\n<meta name=\"twitter:card\" content=\"summary_large_image\" \/>\n<meta name=\"twitter:site\" content=\"@PSfamilyNYC\" \/>\n<meta name=\"twitter:label1\" content=\"Tiempo de lectura\" \/>\n\t<meta name=\"twitter:data1\" content=\"2 minutos\" \/>\n<script type=\"application\/ld+json\" class=\"yoast-schema-graph\">{\"@context\":\"https:\\\/\\\/schema.org\",\"@graph\":[{\"@type\":\"WebPage\",\"@id\":\"https:\\\/\\\/www.psfamilynyc.org\\\/es\\\/taller-de-rcp-2\\\/\",\"url\":\"https:\\\/\\\/www.psfamilynyc.org\\\/es\\\/taller-de-rcp-2\\\/\",\"name\":\"Taller de RCP | PS FamilyNYC\",\"isPartOf\":{\"@id\":\"https:\\\/\\\/www.psfamilynyc.org\\\/es\\\/#website\"},\"primaryImageOfPage\":{\"@id\":\"https:\\\/\\\/www.psfamilynyc.org\\\/es\\\/taller-de-rcp-2\\\/#primaryimage\"},\"image\":{\"@id\":\"https:\\\/\\\/www.psfamilynyc.org\\\/es\\\/taller-de-rcp-2\\\/#primaryimage\"},\"thumbnailUrl\":\"https:\\\/\\\/www.psfamilynyc.org\\\/wp-content\\\/uploads\\\/2023\\\/02\\\/PS228.5x11FreeCPRspeechbub.png\",\"datePublished\":\"2020-02-07T02:19:39+00:00\",\"dateModified\":\"2023-08-07T16:30:48+00:00\",\"breadcrumb\":{\"@id\":\"https:\\\/\\\/www.psfamilynyc.org\\\/es\\\/taller-de-rcp-2\\\/#breadcrumb\"},\"inLanguage\":\"es\",\"potentialAction\":[{\"@type\":\"ReadAction\",\"target\":[\"https:\\\/\\\/www.psfamilynyc.org\\\/es\\\/taller-de-rcp-2\\\/\"]}]},{\"@type\":\"ImageObject\",\"inLanguage\":\"es\",\"@id\":\"https:\\\/\\\/www.psfamilynyc.org\\\/es\\\/taller-de-rcp-2\\\/#primaryimage\",\"url\":\"https:\\\/\\\/www.psfamilynyc.org\\\/wp-content\\\/uploads\\\/2023\\\/02\\\/PS228.5x11FreeCPRspeechbub.png\",\"contentUrl\":\"https:\\\/\\\/www.psfamilynyc.org\\\/wp-content\\\/uploads\\\/2023\\\/02\\\/PS228.5x11FreeCPRspeechbub.png\"},{\"@type\":\"BreadcrumbList\",\"@id\":\"https:\\\/\\\/www.psfamilynyc.org\\\/es\\\/taller-de-rcp-2\\\/#breadcrumb\",\"itemListElement\":[{\"@type\":\"ListItem\",\"position\":1,\"name\":\"Home\",\"item\":\"https:\\\/\\\/www.psfamilynyc.org\\\/es\\\/inicio\\\/\"},{\"@type\":\"ListItem\",\"position\":2,\"name\":\"Taller de RCP\"}]},{\"@type\":\"WebSite\",\"@id\":\"https:\\\/\\\/www.psfamilynyc.org\\\/es\\\/#website\",\"url\":\"https:\\\/\\\/www.psfamilynyc.org\\\/es\\\/\",\"name\":\"PS FamilyNYC\",\"description\":\"Una red de atenci\u00f3n infantil familiar dedicada a facilitar el acceso a la atenci\u00f3n infantil a domicilio.\",\"publisher\":{\"@id\":\"https:\\\/\\\/www.psfamilynyc.org\\\/es\\\/#organization\"},\"alternateName\":\"Program Support FCCN\",\"potentialAction\":[{\"@type\":\"SearchAction\",\"target\":{\"@type\":\"EntryPoint\",\"urlTemplate\":\"https:\\\/\\\/www.psfamilynyc.org\\\/es\\\/?s={search_term_string}\"},\"query-input\":{\"@type\":\"PropertyValueSpecification\",\"valueRequired\":true,\"valueName\":\"search_term_string\"}}],\"inLanguage\":\"es\"},{\"@type\":\"Organization\",\"@id\":\"https:\\\/\\\/www.psfamilynyc.org\\\/es\\\/#organization\",\"name\":\"Program Support FCCN\",\"alternateName\":\"PS Family NYC\",\"url\":\"https:\\\/\\\/www.psfamilynyc.org\\\/es\\\/\",\"logo\":{\"@type\":\"ImageObject\",\"inLanguage\":\"es\",\"@id\":\"https:\\\/\\\/www.psfamilynyc.org\\\/es\\\/#\\\/schema\\\/logo\\\/image\\\/\",\"url\":\"https:\\\/\\\/www.psfamilynyc.org\\\/wp-content\\\/uploads\\\/2023\\\/01\\\/cropped-ps_family_web_logos-03.png\",\"contentUrl\":\"https:\\\/\\\/www.psfamilynyc.org\\\/wp-content\\\/uploads\\\/2023\\\/01\\\/cropped-ps_family_web_logos-03.png\",\"width\":512,\"height\":512,\"caption\":\"Program Support FCCN\"},\"image\":{\"@id\":\"https:\\\/\\\/www.psfamilynyc.org\\\/es\\\/#\\\/schema\\\/logo\\\/image\\\/\"},\"sameAs\":[\"https:\\\/\\\/www.facebook.com\\\/PSfamilyNYC\",\"https:\\\/\\\/x.com\\\/PSfamilyNYC\"]}]}<\/script>\n<!-- \/ Yoast SEO plugin. -->","yoast_head_json":{"title":"Taller de RCP | PS FamilyNYC","robots":{"index":"index","follow":"follow","max-snippet":"max-snippet:-1","max-image-preview":"max-image-preview:large","max-video-preview":"max-video-preview:-1"},"canonical":"https:\/\/www.psfamilynyc.org\/es\/taller-de-rcp-2\/","og_locale":"es_ES","og_type":"article","og_title":"Taller de RCP | PS FamilyNYC","og_description":"PS Family est\u00e1 organizando una clase gratuita de RCP con Safety Saints para todos los participantes del CDA, los proveedores de PS Family Network y su personal.","og_url":"https:\/\/www.psfamilynyc.org\/es\/taller-de-rcp-2\/","og_site_name":"PS FamilyNYC","article_publisher":"https:\/\/www.facebook.com\/PSfamilyNYC","article_modified_time":"2023-08-07T16:30:48+00:00","og_image":[{"url":"https:\/\/www.psfamilynyc.org\/wp-content\/uploads\/2023\/02\/PS228.5x11FreeCPRspeechbub.png","type":"","width":"","height":""}],"twitter_card":"summary_large_image","twitter_site":"@PSfamilyNYC","twitter_misc":{"Tiempo de lectura":"2 minutos"},"schema":{"@context":"https:\/\/schema.org","@graph":[{"@type":"WebPage","@id":"https:\/\/www.psfamilynyc.org\/es\/taller-de-rcp-2\/","url":"https:\/\/www.psfamilynyc.org\/es\/taller-de-rcp-2\/","name":"Taller de RCP | PS FamilyNYC","isPartOf":{"@id":"https:\/\/www.psfamilynyc.org\/es\/#website"},"primaryImageOfPage":{"@id":"https:\/\/www.psfamilynyc.org\/es\/taller-de-rcp-2\/#primaryimage"},"image":{"@id":"https:\/\/www.psfamilynyc.org\/es\/taller-de-rcp-2\/#primaryimage"},"thumbnailUrl":"https:\/\/www.psfamilynyc.org\/wp-content\/uploads\/2023\/02\/PS228.5x11FreeCPRspeechbub.png","datePublished":"2020-02-07T02:19:39+00:00","dateModified":"2023-08-07T16:30:48+00:00","breadcrumb":{"@id":"https:\/\/www.psfamilynyc.org\/es\/taller-de-rcp-2\/#breadcrumb"},"inLanguage":"es","potentialAction":[{"@type":"ReadAction","target":["https:\/\/www.psfamilynyc.org\/es\/taller-de-rcp-2\/"]}]},{"@type":"ImageObject","inLanguage":"es","@id":"https:\/\/www.psfamilynyc.org\/es\/taller-de-rcp-2\/#primaryimage","url":"https:\/\/www.psfamilynyc.org\/wp-content\/uploads\/2023\/02\/PS228.5x11FreeCPRspeechbub.png","contentUrl":"https:\/\/www.psfamilynyc.org\/wp-content\/uploads\/2023\/02\/PS228.5x11FreeCPRspeechbub.png"},{"@type":"BreadcrumbList","@id":"https:\/\/www.psfamilynyc.org\/es\/taller-de-rcp-2\/#breadcrumb","itemListElement":[{"@type":"ListItem","position":1,"name":"Home","item":"https:\/\/www.psfamilynyc.org\/es\/inicio\/"},{"@type":"ListItem","position":2,"name":"Taller de RCP"}]},{"@type":"WebSite","@id":"https:\/\/www.psfamilynyc.org\/es\/#website","url":"https:\/\/www.psfamilynyc.org\/es\/","name":"PS FamilyNYC","description":"Una red de atenci\u00f3n infantil familiar dedicada a facilitar el acceso a la atenci\u00f3n infantil a domicilio.","publisher":{"@id":"https:\/\/www.psfamilynyc.org\/es\/#organization"},"alternateName":"Program Support FCCN","potentialAction":[{"@type":"SearchAction","target":{"@type":"EntryPoint","urlTemplate":"https:\/\/www.psfamilynyc.org\/es\/?s={search_term_string}"},"query-input":{"@type":"PropertyValueSpecification","valueRequired":true,"valueName":"search_term_string"}}],"inLanguage":"es"},{"@type":"Organization","@id":"https:\/\/www.psfamilynyc.org\/es\/#organization","name":"Program Support FCCN","alternateName":"PS Family NYC","url":"https:\/\/www.psfamilynyc.org\/es\/","logo":{"@type":"ImageObject","inLanguage":"es","@id":"https:\/\/www.psfamilynyc.org\/es\/#\/schema\/logo\/image\/","url":"https:\/\/www.psfamilynyc.org\/wp-content\/uploads\/2023\/01\/cropped-ps_family_web_logos-03.png","contentUrl":"https:\/\/www.psfamilynyc.org\/wp-content\/uploads\/2023\/01\/cropped-ps_family_web_logos-03.png","width":512,"height":512,"caption":"Program Support FCCN"},"image":{"@id":"https:\/\/www.psfamilynyc.org\/es\/#\/schema\/logo\/image\/"},"sameAs":["https:\/\/www.facebook.com\/PSfamilyNYC","https:\/\/x.com\/PSfamilyNYC"]}]}},"_links":{"self":[{"href":"https:\/\/www.psfamilynyc.org\/es\/wp-json\/wp\/v2\/pages\/8728","targetHints":{"allow":["GET"]}}],"collection":[{"href":"https:\/\/www.psfamilynyc.org\/es\/wp-json\/wp\/v2\/pages"}],"about":[{"href":"https:\/\/www.psfamilynyc.org\/es\/wp-json\/wp\/v2\/types\/page"}],"author":[{"embeddable":true,"href":"https:\/\/www.psfamilynyc.org\/es\/wp-json\/wp\/v2\/users\/1"}],"replies":[{"embeddable":true,"href":"https:\/\/www.psfamilynyc.org\/es\/wp-json\/wp\/v2\/comments?post=8728"}],"version-history":[{"count":0,"href":"https:\/\/www.psfamilynyc.org\/es\/wp-json\/wp\/v2\/pages\/8728\/revisions"}],"wp:attachment":[{"href":"https:\/\/www.psfamilynyc.org\/es\/wp-json\/wp\/v2\/media?parent=8728"}],"curies":[{"name":"wp","href":"https:\/\/api.w.org\/{rel}","templated":true}]}}